{"id":11,"date":"2022-11-24T17:50:38","date_gmt":"2022-11-24T17:50:38","guid":{"rendered":"https:\/\/xn--verkalixridklubb-lwb.se\/wp\/?page_id=11"},"modified":"2025-07-24T17:15:07","modified_gmt":"2025-07-24T17:15:07","slug":"foreningen","status":"publish","type":"page","link":"https:\/\/xn--verkalixridklubb-lwb.se\/?page_id=11","title":{"rendered":"F\u00f6reningen"},"content":{"rendered":"<div class=\"col-md-8\">\n<article class=\"boxHolder\">\n<div class=\"boxBorder\">\n<h1>F\u00f6reningen<\/h1>\n<\/div>\n<div class=\"boxContent\">\n<h4>\u00d6VERKALIX RIDKLUBB<\/h4>\n<h6>V\u00e4rdegrund\/m\u00e5l<br \/>\nVision<\/h6>\n<h5>\u00d6verkalix Ridklubb \u00e4r en f\u00f6rening \u00f6ppen f\u00f6r Alla, d\u00e4r vi k\u00e4nner gl\u00e4dje och gemenskap. Vi ska ha kul tillsammans!<br \/>\nVi v\u00e4nder oss till ALLA h\u00e4stintresserade som bor och vistas i v\u00e5r kommun. ska k\u00e4nna sig v\u00e4lkomna att m\u00f6tas oavsett h\u00e4stsportgren. Vi v\u00e4rnar om att skapa en milj\u00f6 d\u00e4r alla k\u00e4nner sig v\u00e4lkomna, trygga och sedda.<\/h5>\n<h6>V\u00e4rdegrund<\/h6>\n<h5>\u00d6verkalix Ridklubb \u00e4r en f\u00f6rening f\u00f6r ALLA, oavsett om man vill rida, umg\u00e5s med h\u00e4star, vara ledare eller titta p\u00e5. Alla med intresse f\u00f6r h\u00e4star och ridning som bor och vistas i \u00d6verkalix \u00e4r v\u00e4lkomna att ta del av v\u00e5ra aktiviteter.                                                                                                                           Vi behandlar varandra med respekt och respekterar v\u00e5ra olikheter och tar tillvara varandras kunskap och kompetens. Alla h\u00e4star ska bem\u00f6tas ansvarsfullt, med respekt, k\u00e4rlek och omsorg.<br \/>\n\u00d6verkalix Ridklubb vill genom sina aktiviteter levandeg\u00f6ra h\u00e4stsporten och v\u00e5r verksamhet sker enligt Svenska Ridsportf\u00f6rbundets riktlinjer.<\/h5>\n<h6>M\u00e5l<br \/>\n\u00d6verkalix ridklubb<\/h6>\n<h5>\u2981\tV\u00e5rt m\u00e5l \u00e4r att verksamheten ska ge gl\u00e4dje och positiva upplevelser f\u00f6r alla.<br \/>\n\u2981\tEngagera barn och ungdomar genom h\u00e4strelaterade aktiviteter.<br \/>\n\u2981\tF\u00e5 fler killar att v\u00e5ga prova olika h\u00e4staktiviteter<br \/>\n\u2981\tArbeta f\u00f6r noll tolerans mot mobbing, diskriminering, kr\u00e4nkning och utanf\u00f6rskap<br \/>\n\u2981\tBedriva verksamhet som utg\u00e5r fr\u00e5n medlemmarnas \u00f6nskem\u00e5l och behov<br \/>\n\u2981\tAnordna en t\u00e4vling h\u00f6gre \u00e4n klubbt\u00e4vling&nbsp;varje \u00e5r<br \/>\n\u2981\tBedriva ett levande och f\u00f6r\u00e4nderligt m\u00e5larbete<br \/>\n\u2981\tHa en kontinuerligt god ekonomi<\/h5>\n<h4>Str\u00e4vansm\u00e5l<\/h4>\n<h5>St\u00e4ndigt engagemang och medvetet arbete f\u00f6r att \u00f6ka intresset hos v\u00e5ra medlemmar och d\u00e4rigenom utveckla f\u00f6reningen. \u00d6verkalix Ridklubb jobbar f\u00f6r att p\u00e5 sikt skapa en h\u00e4starena i \u00d6verkalix, vilket bidrar till ett st\u00f6rre utbud av fritidsaktiviteter och en naturlig samlings\/utbildningsplats f\u00f6r alla m\u00e4nniskor.<\/h5>\n<hr>\n<h4>\u00d6verkalix RK &#8211; Ridsport<\/h4>\n<div class=\"row\">\n<div class=\"col-md-4\">\n<h6>Bildad<\/h6>\n<\/div>\n<div class=\"col-md-8\">\n<h5>1982-06-23<\/h5>\n<\/div>\n<\/div>\n<div class=\"row\">\n<div class=\"col-md-4\">\n<h6>F\u00f6reningsnummer<\/h6>\n<\/div>\n<div class=\"col-md-8\">\n<h5>28846-48<\/h5>\n<\/div>\n<\/div>\n<div class=\"row\">\n<div class=\"col-md-4\">\n<h6>Postadress<\/h6>\n<\/div>\n<div class=\"col-md-8\">\n<h5>C\/O Martina Tamrell, Bergv\u00e4gen 7, 956 92 \u00d6verkalix<\/h5>\n<\/div>\n<\/div>\n<div class=\"row\">\n<div class=\"col-md-4\">\n<h6>Bes\u00f6ksadress<\/h6>\n<\/div>\n<div class=\"col-md-8\">\n<h5>Skolgatan 4, 956 31 \u00d6verkalix<\/h5>\n<\/div>\n<\/div>\n<div class=\"row\">\n<div class=\"col-md-4\">\n<h6>Fakturaadress<\/h6>\n<\/div>\n<div class=\"col-md-8\">\n<h5>C\/O Martina Tamrell, Bergv\u00e4gen 7, 956 92 \u00d6verkalix<\/h5>\n<\/div>\n<\/div>\n<div class=\"row\">\n<div class=\"col-md-4\">\n<h6>Leveransadress<\/h6>\n<\/div>\n<div class=\"col-md-8\">\n<h5>C\/O Martina Tamrell, Bergv\u00e4gen 7, 956 92 \u00d6verkalix<\/h5>\n<\/div>\n<\/div>\n<div class=\"row\">\n<div class=\"col-md-4\">\n<h6>Telefon<\/h6>\n<\/div>\n<div class=\"col-md-8\">\n<h5>0703840122<\/h5>\n<\/div>\n<\/div>\n<div class=\"row\">\n<div class=\"col-md-4\">\n<h6>E-post<\/h6>\n<\/div>\n<div class=\"col-md-8\">\n<h5>overkalixridklubb (at) outlook.com<\/h5>\n<\/div>\n<\/div>\n<div class=\"row\">\n<div class=\"col-md-4\">\n<h6>Bankgiro<\/h6>\n<\/div>\n<div class=\"col-md-8\">\n<h5>138-2092<\/h5>\n<\/div>\n<\/div>\n<div class=\"row\">\n<div class=\"col-md-4\">\n<h6>Swish<\/h6>\n<\/div>\n<div class=\"col-md-8\">\n<h5>1235891692<\/h5>\n<\/div>\n<\/div>\n<div class=\"row\">\n<div class=\"col-md-4\">\n<h6>Organisationsnummer<\/h6>\n<\/div>\n<div class=\"col-md-8\">\n<h5>898200-3504<\/h5>\n<\/div>\n<\/div>\n<\/div>\n<\/article>\n<\/div>\n<div class=\"col-md-4\">\n<article class=\"boxHolder\">\n<div class=\"boxBorder\">\n<h1>F\u00f6reningsinformation<\/h1>\n<\/div>\n<div class=\"boxContent\">\n<h4>Styrelsen<\/h4>\n<h5><b>Ordf\u00f6rande<\/b><br \/>\nHelena Forsman<\/h5>\n<h5><b>Vice ordf\u00f6rande<\/b><br \/>\nAnna Ideryd<\/h5>\n<h5><b>Kass\u00f6r<\/b><br \/>\nMartina Tamrell<\/h5>\n<h5><b>Sekreterare<\/b><br \/>\nSigne Malmer<\/h5>\n<h5><b>Ledamot<\/b><br \/>\nEmilia Br\u00e4nnstr\u00f6m<br \/>\nCecilia L\u00e4ntha<br \/>\nHanna Persson<br \/>\nElisabeth Hevik<\/h5>\n<h5><b>Revisorer<\/b><br \/>\nAnn Helen Johansson<br \/>\nPeter Johansson<\/h5>\n<h5><b>Revisor suppleant<\/b><br \/>\nAnna Str\u00f6mb\u00e4ck<\/h5>\n<h5><b>Valberedning<\/b><br \/>\nJessica Malmgren<\/h5>\n<\/div>\n<\/article>\n<\/div>\n","protected":false},"excerpt":{"rendered":"<p>F\u00f6reningen \u00d6VERKALIX RIDKLUBB V\u00e4rdegrund\/m\u00e5l Vision \u00d6verkalix Ridklubb \u00e4r en f\u00f6rening \u00f6ppen f\u00f6r Alla, d\u00e4r vi k\u00e4nner gl\u00e4dje och gemenskap. Vi ska ha kul tillsammans! Vi v\u00e4nder oss till ALLA h\u00e4stintresserade som bor och vistas i v\u00e5r kommun. ska k\u00e4nna sig v\u00e4lkomna att m\u00f6tas oavsett h\u00e4stsportgren. Vi v\u00e4rnar om att skapa en milj\u00f6 d\u00e4r alla k\u00e4nner&hellip; <a class=\"more-link\" href=\"https:\/\/xn--verkalixridklubb-lwb.se\/?page_id=11\">Forts\u00e4tt l\u00e4sa <span class=\"screen-reader-text\">F\u00f6reningen<\/span><\/a><\/p>\n","protected":false},"author":1,"featured_media":0,"parent":0,"menu_order":0,"comment_status":"closed","ping_status":"closed","template":"","meta":{"_seopress_robots_primary_cat":"","footnotes":""},"_links":{"self":[{"href":"https:\/\/xn--verkalixridklubb-lwb.se\/index.php?rest_route=\/wp\/v2\/pages\/11"}],"collection":[{"href":"https:\/\/xn--verkalixridklubb-lwb.se\/index.php?rest_route=\/wp\/v2\/pages"}],"about":[{"href":"https:\/\/xn--verkalixridklubb-lwb.se\/index.php?rest_route=\/wp\/v2\/types\/page"}],"author":[{"embeddable":true,"href":"https:\/\/xn--verkalixridklubb-lwb.se\/index.php?rest_route=\/wp\/v2\/users\/1"}],"replies":[{"embeddable":true,"href":"https:\/\/xn--verkalixridklubb-lwb.se\/index.php?rest_route=%2Fwp%2Fv2%2Fcomments&post=11"}],"version-history":[{"count":7,"href":"https:\/\/xn--verkalixridklubb-lwb.se\/index.php?rest_route=\/wp\/v2\/pages\/11\/revisions"}],"predecessor-version":[{"id":267,"href":"https:\/\/xn--verkalixridklubb-lwb.se\/index.php?rest_route=\/wp\/v2\/pages\/11\/revisions\/267"}],"wp:attachment":[{"href":"https:\/\/xn--verkalixridklubb-lwb.se\/index.php?rest_route=%2Fwp%2Fv2%2Fmedia&parent=11"}],"curies":[{"name":"wp","href":"https:\/\/api.w.org\/{rel}","templated":true}]}}