{"id":13,"date":"2022-11-24T17:50:58","date_gmt":"2022-11-24T17:50:58","guid":{"rendered":"https:\/\/xn--verkalixridklubb-lwb.se\/wp\/?page_id=13"},"modified":"2022-11-24T17:55:55","modified_gmt":"2022-11-24T17:55:55","slug":"bli-medlem","status":"publish","type":"page","link":"https:\/\/xn--verkalixridklubb-lwb.se\/?page_id=13","title":{"rendered":"Bli medlem"},"content":{"rendered":"<div class=\"col-md-6\">\n<article class=\"boxHolder\">\n<div class=\"boxBorder\">\n<h1>Medlemsans\u00f6kan \u00d6RK<\/h1>\n<\/div>\n<div class=\"boxContent\">\n<h4>V\u00e4lkommen till \u00d6RK!<\/h4>\n<h5>Som medlem&nbsp;har du m\u00f6jlighet att p\u00e5verka klubbens verksamhet och \u00e4r alltid v\u00e4lkommen med f\u00f6rslag p\u00e5 f\u00f6r\u00e4ndring, \u00f6nskem\u00e5l, mm.<br \/>\nAlla ska k\u00e4nna sig v\u00e4lkomna till f\u00f6reningen&nbsp;och verksamheten ska k\u00e4nnas trygg, inspirerande och utvecklande f\u00f6r alla. H\u00e4sten ska v\u00e4rnas med kunnande, k\u00e4rlek och omsorg.<br \/>\nDu f\u00e5r du vara med p\u00e5 alla v\u00e5ra aktiviteter till medlemspris, men vi hittar p\u00e5 mycket som inte kostar n\u00e5got alls.<\/h5>\n<h5>Att vara medlem kostar 160 sek\/\u00e5r f\u00f6r juniorer och 250 sek\/\u00e5r f\u00f6r seniorer (fr\u00e5n 18 \u00e5r)<\/h5>\n<h5>Som medlem i \u00d6verkalix Ridklubb omfattas du av en bra&nbsp;f\u00f6rs\u00e4kring&nbsp;och du f\u00e5r ocks\u00e5 Svenska Ridsportf\u00f6rbundets medlemstidning H\u00e4st &amp; Ryttare hem i brevl\u00e5dan!<\/h5>\n<h5>Vill du bli medlem?<br \/>\nSkicka ett mail, (kontaktformul\u00e4r)<br \/>\nVarmt v\u00e4lkommen!<\/h5>\n<\/div>\n<\/article>\n<\/div>\n<div class=\"col-md-6\">\n<article class=\"boxHolder\">\n<div class=\"boxBorder\">\n<h1>Medlemsf\u00f6rs\u00e4kring<\/h1>\n<\/div>\n<div class=\"boxContent\">\n<h4>Olycksfallsf\u00f6rs\u00e4kring<\/h4>\n<h5>Du som \u00e4r medlem i \u00d6verkalix ridklubb \u00e4r ansluten till Svenska Ridsportf\u00f6rbundet har en olycksfallsf\u00f6rs\u00e4kring i Folksam via ditt medlemskap. F\u00f6rs\u00e4kringen ger dig ett bra grundskydd om du r\u00e5kar ut f\u00f6r en skada n\u00e4r du rider och \u00e4r framtagen i samarbete med Svenska Ridsportf\u00f6rbundet.<\/h5>\n<h5><b>F\u00f6rs\u00e4kringen g\u00e4ller vid olycksfallsskada som intr\u00e4ffar under:<\/b><br \/>\n\u2022 aktivitet anordnad av Svenska Ridsportf\u00f6rbundet, dess distriktsf\u00f6rbund, medlemsf\u00f6rening eller i samverkan med medlemsf\u00f6rening.<br \/>\n\u2022 under enskild ridning och tr\u00e4ning.<br \/>\n\u2022 under direkt f\u00e4rd till och fr\u00e5n verksamhet enligt ovan. Om tr\u00e4ning\/t\u00e4vling anordnas p\u00e5 annan ort \u00e4n hemorten (\u00e4ven<br \/>\nutomlands). F\u00f6rs\u00e4kringen g\u00e4ller \u00e4ven under resor och vistelse p\u00e5 annan ort samband med resor.<\/h5>\n<h5><b>Anm\u00e4l skada s\u00e5 h\u00e4r:<\/b><br \/>\nOm du vill anm\u00e4la en skada kontaktar du din f\u00f6rening. F\u00f6reningen anm\u00e4ler din skada.<br \/>\nHar du fr\u00e5gor om ditt skade\u00e4rende ring 0771\u2013960 960.<\/h5>\n<\/div>\n<\/article>\n<\/div>\n","protected":false},"excerpt":{"rendered":"<p>Medlemsans\u00f6kan \u00d6RK V\u00e4lkommen till \u00d6RK! Som medlem&nbsp;har du m\u00f6jlighet att p\u00e5verka klubbens verksamhet och \u00e4r alltid v\u00e4lkommen med f\u00f6rslag p\u00e5 f\u00f6r\u00e4ndring, \u00f6nskem\u00e5l, mm. Alla ska k\u00e4nna sig v\u00e4lkomna till f\u00f6reningen&nbsp;och verksamheten ska k\u00e4nnas trygg, inspirerande och utvecklande f\u00f6r alla. H\u00e4sten ska v\u00e4rnas med kunnande, k\u00e4rlek och omsorg. Du f\u00e5r du vara med p\u00e5 alla v\u00e5ra&hellip; <a class=\"more-link\" href=\"https:\/\/xn--verkalixridklubb-lwb.se\/?page_id=13\">Forts\u00e4tt l\u00e4sa <span class=\"screen-reader-text\">Bli medlem<\/span><\/a><\/p>\n","protected":false},"author":1,"featured_media":0,"parent":0,"menu_order":0,"comment_status":"closed","ping_status":"closed","template":"","meta":{"_seopress_robots_primary_cat":"","footnotes":""},"_links":{"self":[{"href":"https:\/\/xn--verkalixridklubb-lwb.se\/index.php?rest_route=\/wp\/v2\/pages\/13"}],"collection":[{"href":"https:\/\/xn--verkalixridklubb-lwb.se\/index.php?rest_route=\/wp\/v2\/pages"}],"about":[{"href":"https:\/\/xn--verkalixridklubb-lwb.se\/index.php?rest_route=\/wp\/v2\/types\/page"}],"author":[{"embeddable":true,"href":"https:\/\/xn--verkalixridklubb-lwb.se\/index.php?rest_route=\/wp\/v2\/users\/1"}],"replies":[{"embeddable":true,"href":"https:\/\/xn--verkalixridklubb-lwb.se\/index.php?rest_route=%2Fwp%2Fv2%2Fcomments&post=13"}],"version-history":[{"count":2,"href":"https:\/\/xn--verkalixridklubb-lwb.se\/index.php?rest_route=\/wp\/v2\/pages\/13\/revisions"}],"predecessor-version":[{"id":32,"href":"https:\/\/xn--verkalixridklubb-lwb.se\/index.php?rest_route=\/wp\/v2\/pages\/13\/revisions\/32"}],"wp:attachment":[{"href":"https:\/\/xn--verkalixridklubb-lwb.se\/index.php?rest_route=%2Fwp%2Fv2%2Fmedia&parent=13"}],"curies":[{"name":"wp","href":"https:\/\/api.w.org\/{rel}","templated":true}]}}