{"id":15,"date":"2022-11-24T17:51:09","date_gmt":"2022-11-24T17:51:09","guid":{"rendered":"https:\/\/xn--verkalixridklubb-lwb.se\/wp\/?page_id=15"},"modified":"2022-11-24T17:56:53","modified_gmt":"2022-11-24T17:56:53","slug":"klubbklader","status":"publish","type":"page","link":"https:\/\/xn--verkalixridklubb-lwb.se\/?page_id=15","title":{"rendered":"Klubbkl\u00e4der"},"content":{"rendered":"<article class=\"boxHolder\">\n<div class=\"boxBorder\">\n<h1>Klubbkl\u00e4der<\/h1>\n<\/div>\n<div class=\"boxContent\">\n<h5>Klubbkl\u00e4der best\u00e4ller du fr\u00e5n Prima 4 You.<\/h5>\n<p><a href=\"https:\/\/www.prima4you.se\/\" target=\"_blank\" rel=\"noopener\">Best\u00e4ll h\u00e4r<\/a><\/p>\n<\/div>\n<\/article>\n","protected":false},"excerpt":{"rendered":"<p>Klubbkl\u00e4der Klubbkl\u00e4der best\u00e4ller du fr\u00e5n Prima 4 You. Best\u00e4ll h\u00e4r<\/p>\n","protected":false},"author":1,"featured_media":0,"parent":0,"menu_order":0,"comment_status":"closed","ping_status":"closed","template":"","meta":{"_seopress_robots_primary_cat":"","footnotes":""},"_links":{"self":[{"href":"https:\/\/xn--verkalixridklubb-lwb.se\/index.php?rest_route=\/wp\/v2\/pages\/15"}],"collection":[{"href":"https:\/\/xn--verkalixridklubb-lwb.se\/index.php?rest_route=\/wp\/v2\/pages"}],"about":[{"href":"https:\/\/xn--verkalixridklubb-lwb.se\/index.php?rest_route=\/wp\/v2\/types\/page"}],"author":[{"embeddable":true,"href":"https:\/\/xn--verkalixridklubb-lwb.se\/index.php?rest_route=\/wp\/v2\/users\/1"}],"replies":[{"embeddable":true,"href":"https:\/\/xn--verkalixridklubb-lwb.se\/index.php?rest_route=%2Fwp%2Fv2%2Fcomments&post=15"}],"version-history":[{"count":2,"href":"https:\/\/xn--verkalixridklubb-lwb.se\/index.php?rest_route=\/wp\/v2\/pages\/15\/revisions"}],"predecessor-version":[{"id":34,"href":"https:\/\/xn--verkalixridklubb-lwb.se\/index.php?rest_route=\/wp\/v2\/pages\/15\/revisions\/34"}],"wp:attachment":[{"href":"https:\/\/xn--verkalixridklubb-lwb.se\/index.php?rest_route=%2Fwp%2Fv2%2Fmedia&parent=15"}],"curies":[{"name":"wp","href":"https:\/\/api.w.org\/{rel}","templated":true}]}}