{"id":17,"date":"2022-11-24T17:51:31","date_gmt":"2022-11-24T17:51:31","guid":{"rendered":"https:\/\/xn--verkalixridklubb-lwb.se\/wp\/?page_id=17"},"modified":"2024-06-13T07:29:31","modified_gmt":"2024-06-13T07:29:31","slug":"aktiviteter","status":"publish","type":"page","link":"https:\/\/xn--verkalixridklubb-lwb.se\/?page_id=17","title":{"rendered":"Aktiviteter"},"content":{"rendered":"<article class=\"boxHolder\">\n<div class=\"boxBorder\">\n<h1>Aktiviteter<\/h1>\n<\/div>\n<div class=\"boxContent\">\n<h6>Ponnytimmar 2024<\/h6>\n<h5>Varmt v\u00e4lkomna till sommarens Ponnytimmar!<\/p>\n<p>Vi ses p\u00e5 onsdagar kl.18 och pysslar med och kring h\u00e4star, leker, fikar och umg\u00e5s.<\/p>\n<p>Schema enligt f\u00f6ljande:<\/p>\n<p>28 juni: K\u00e4lvtorpsg\u00e5rden, hos Br\u00e4nnstr\u00f6m, K\u00e4lvudden 71<\/p>\n<p>3 juli: S\u00f6dra Sandsj\u00e4rv 24, hos familjen Id\u00e9ryd<\/p>\n<p>10 juli: K\u00e4lvudden 58, hos familjen Forsman<\/p>\n<p>17\/7: Svartbyv\u00e4gen 123, hos Cecilia L\u00e4ntha<\/p>\n<p>Ponnytimmen \u00e4r gratis och har inget medlemskrav.<\/p>\n<p>Arrangeras i samarbete md Sparbanken Nord<\/p>\n<p>H\u00e5ll koll p\u00e5 FB och instagram f\u00f6r ev. \u00e4ndringar i schemat.<\/h5>\n<\/div>\n<\/article>\n","protected":false},"excerpt":{"rendered":"<p>Aktiviteter Ponnytimmar 2024 Varmt v\u00e4lkomna till sommarens Ponnytimmar! Vi ses p\u00e5 onsdagar kl.18 och pysslar med och kring h\u00e4star, leker, fikar och umg\u00e5s. Schema enligt f\u00f6ljande: 28 juni: K\u00e4lvtorpsg\u00e5rden, hos Br\u00e4nnstr\u00f6m, K\u00e4lvudden 71 3 juli: S\u00f6dra Sandsj\u00e4rv 24, hos familjen Id\u00e9ryd 10 juli: K\u00e4lvudden 58, hos familjen Forsman 17\/7: Svartbyv\u00e4gen 123, hos Cecilia L\u00e4ntha Ponnytimmen&hellip; <a class=\"more-link\" href=\"https:\/\/xn--verkalixridklubb-lwb.se\/?page_id=17\">Forts\u00e4tt l\u00e4sa <span class=\"screen-reader-text\">Aktiviteter<\/span><\/a><\/p>\n","protected":false},"author":1,"featured_media":0,"parent":0,"menu_order":0,"comment_status":"closed","ping_status":"closed","template":"","meta":{"_seopress_robots_primary_cat":"","footnotes":""},"_links":{"self":[{"href":"https:\/\/xn--verkalixridklubb-lwb.se\/index.php?rest_route=\/wp\/v2\/pages\/17"}],"collection":[{"href":"https:\/\/xn--verkalixridklubb-lwb.se\/index.php?rest_route=\/wp\/v2\/pages"}],"about":[{"href":"https:\/\/xn--verkalixridklubb-lwb.se\/index.php?rest_route=\/wp\/v2\/types\/page"}],"author":[{"embeddable":true,"href":"https:\/\/xn--verkalixridklubb-lwb.se\/index.php?rest_route=\/wp\/v2\/users\/1"}],"replies":[{"embeddable":true,"href":"https:\/\/xn--verkalixridklubb-lwb.se\/index.php?rest_route=%2Fwp%2Fv2%2Fcomments&post=17"}],"version-history":[{"count":4,"href":"https:\/\/xn--verkalixridklubb-lwb.se\/index.php?rest_route=\/wp\/v2\/pages\/17\/revisions"}],"predecessor-version":[{"id":206,"href":"https:\/\/xn--verkalixridklubb-lwb.se\/index.php?rest_route=\/wp\/v2\/pages\/17\/revisions\/206"}],"wp:attachment":[{"href":"https:\/\/xn--verkalixridklubb-lwb.se\/index.php?rest_route=%2Fwp%2Fv2%2Fmedia&parent=17"}],"curies":[{"name":"wp","href":"https:\/\/api.w.org\/{rel}","templated":true}]}}