{"id":286,"date":"2025-08-03T17:36:59","date_gmt":"2025-08-03T17:36:59","guid":{"rendered":"https:\/\/xn--verkalixridklubb-lwb.se\/?page_id=286"},"modified":"2025-08-04T05:18:52","modified_gmt":"2025-08-04T05:18:52","slug":"ryttarmeddelande-2025","status":"publish","type":"page","link":"https:\/\/xn--verkalixridklubb-lwb.se\/?page_id=286","title":{"rendered":"Ryttarmeddelande 2025"},"content":{"rendered":"<article class=\"boxHolder\">\n<div class=\"boxBorder\">\n<h1>Polcirkelritten 2025<\/h1>\n<\/div>\n<div class=\"boxContent\">\n<h6>RYTTARMEDDELANDE<\/h6>\n<h5>Varmt V\u00e4lkomna till Polcirkelritten 2025. Vad roligt att du har kommit f\u00f6r att t\u00e4vla hos oss. Vi h\u00e5ller tummar och t\u00e5r f\u00f6r en finfin t\u00e4vlingsdag. Nedan finner du den informationen du beh\u00f6ver under t\u00e4vlingsdagen. F\u00f6r alla klasser h\u00e5lls en bangenomg\u00e5ng p\u00e5 plats innan start. Alla funktion\u00e4rer b\u00e4r v\u00e4l synliga funktion\u00e4rsv\u00e4star.<br \/>\n<b>Har du fr\u00e5gor eller funderingar. Tveka inte att mejla eller ring t\u00e4vlingsansvariga.<\/b><\/h5>\n<h6>PLATS<\/h6>\n<h5>Start g\u00e5r fr\u00e5n adress K\u00e4lvudden 58, 95691 \u00d6verkalix.<br \/>\nV\u00e4gbeskrivning: S\u00f6derifr\u00e5n: Ca 20 km norr om Morj\u00e4rv l\u00e4ngs E10, sv\u00e4ng v\u00e4nster mot K\u00e4lvudden. Efter ca 5 km hittar du K\u00e4lvudden 58. Norrifr\u00e5n: Ca 2 km s\u00f6der om Restaurang Nilles, sv\u00e4ng h\u00f6 mot K\u00e4lvudden. Efter ca 5 km hittar du K\u00e4lvudden 58.<br \/>\nVi h\u00e5ller till p\u00e5 en liten privat h\u00e4stg\u00e5rd. Se anl\u00e4ggningsskiss. Den ligger ute p\u00e5 \u00f6verkalixridklubb.se Ingen uppstallning under t\u00e4vlingsdagen. Toalett-t\u00e4lt kommer att finnas invid sekretariatet.<\/h5>\n<h6>KLASSER<\/h6>\n<h5><b>L\u00e4tt C, CR 16 km<br \/>\nL\u00e4tt C, CR 26 km<br \/>\nL\u00e4tt B, CR 42 km<br \/>\nL\u00e4tt A, T\u00e4vling 52 km<\/b><\/h5>\n<h6>TIDSPROGRAM:<\/h6>\n<h5><b>L\u00f6rdag 9\/8.<\/b><br \/>\n-F\u00f6rbesiktning LB &#038; LA: 9.00-9.30<br \/>\n-F\u00f6rbesiktning LC: 9.30-10.00<br \/>\n-LA start: 10.30<br \/>\n-LB start: 11:00<br \/>\n-LC start: 11.30<\/p>\n<p>Gemensam bangenomg\u00e5ng 10.00 vid sekretariatet.<\/h5>\n<h6>STARTANM\u00c4LAN<\/h6>\n<h5>G\u00f6rs vid sekretariatet. I sekretariatet f\u00e5r du ditt ryttarkuvert som inneh\u00e5ller veterin\u00e4rkort, program och kartor, samt t\u00e4vlingsv\u00e4star till dig och din\/dina groomar. Visa upp h\u00e4stens pass. H\u00e4r h\u00e4mtar du \u00e4ven ut eventuell rosett, diplom och pris i slutet av dagen. OBS! viktigt att t\u00e4vlingsv\u00e4starna l\u00e4mnas tillbaka till sekretariatet.<\/h5>\n<h6>F\u00d6RBESIKTNING<\/h6>\n<h5>H\u00e4r besiktas h\u00e4starna och id-kontroll g\u00f6rs mot h\u00e4stens pass. Ta med pass till f\u00f6rbesiktningen. Se tidsschema f\u00f6r n\u00e4r f\u00f6rbesiktningen \u00f6ppnar f\u00f6r respektive klass.<\/h5>\n<h6>BANAN<\/h6>\n<h5>Banan \u00e4r \u00f6ppnar dagen innan start. Banan \u00e4r markerad med skyltar med bl\u00e5 alt r\u00f6d text, alternativt bl\u00e5a alt r\u00f6da snitslar l\u00e4ngs stigar. Km-markeringar minst var 10:e km. Markeringar 2 &#038; 1 Km innan veterin\u00e4r p\u00e5 f\u00f6rsta slingan. Markerad 1 km innan veterin\u00e4r p\u00e5 sista slingan (LB &#038; LA).<br \/>\nGrooming utefter banan sker p\u00e5 anvisad plats. Se karta. Vatten\/svampar finns f\u00e4rdigt utsatt p\u00e5 groomingplatsen. Groomingplatsen passeras 2 ggr p\u00e5 r\u00f6d slinga och 1 ggr p\u00e5 bl\u00e5 slinga.<br \/>\n<b>R\u00f6d slinga (LA, LB, LC 26 km): <\/b> 26 km. G\u00e5r l\u00e4ngs sm\u00e5 grusv\u00e4g med varierat underlag och l\u00e4ngs stigar i skog. Vi kommer att passera en myr. F\u00f6lj markeringarna NOGA \u00f6ver myren. Vi kommer \u00e4ven att passera en liten tr\u00e4bro, skylt finns 30 m innan bron. Vissa partier \u00e4r helt obanad terr\u00e4ng med stenigt och oj\u00e4mnt underlag. Rid f\u00f6rsiktigt. Var uppm\u00e4rksam p\u00e5 utstickande kvistar och dylikt l\u00e4ngs de sm\u00e5 stigarna.<br \/>\n<b>Bl\u00e5 slinga (LB, LC 16 km): <\/b> 16 km. G\u00e5r l\u00e4ngs grusv\u00e4gar av varierat underlag och l\u00e4ngs mindre skogstigar. T\u00e4nk p\u00e5 att stigarna \u00e4r sm\u00e5 och \u00e4r bitvis steniga, framf\u00f6r allt stigen upp \u00f6ver Kvarnberget. Var \u00e4ven uppm\u00e4rksam p\u00e5 grenar och kvistar som kan sticka ut.<br \/>\n<b>Totala h\u00f6jdmetrar: <\/b> 52 km: 512 m, 42 km: 432 m, 26 km: 256 m, 16 km: 176 m<br \/>\nLA: Rider r\u00f6d slinga 2 varv<br \/>\nLB: Rider R\u00f6d slinga varv 1 och Bl\u00e5 slinga varv 2<br \/>\nLC 26 km: Rider R\u00f6d slinga 1 varv<br \/>\nLC 16 km: Rider Bl\u00e5 slinga 1 varv.<\/h5>\n<h6>GROOMPLATSER UTMED BANAN<\/h6>\n<h5>Se karta. Groomplatsen \u00e4r utmarkerad. Groomplatsen kommer att vara markerade med skyltar (vatten\/groom). Visa h\u00e4nsyn och k\u00f6r sakta.<\/h5>\n<h6>GROOMAR<\/h6>\n<h5>Vid ankomsttid\/m\u00e5l f\u00e5r du lapp med ankomsttid\/IN-tid, som du ser till att ta med till veterin\u00e4ren.<\/h5>\n<h6>M\u00c5LG\u00c5NG<\/h6>\n<h5>Efter att ni passerat ankomst f\u00f6r R\u00f6d slinga (LA, LB) alternativt m\u00e5lg\u00e5ng f\u00f6r t\u00e4vlingen (LC 26 km &#038; LC 16), f\u00f6lj skyltning och ta dig till SNABBGROOM. Kom ih\u00e5g att ta med dig lapp p\u00e5 ankomsttid (alt IN-tid) fr\u00e5n m\u00e5lfunktion\u00e4rerna till veterin\u00e4ren.<\/h5>\n<h6>SNABBGROOM<\/h6>\n<h5>H\u00e4r finns vatten &#038; svampar f\u00e4rdigt utplacerat. N\u00e4r ni har pulsat ner h\u00e4sten, tagit av utrustningen och k\u00e4nner er redo att ta er an veterin\u00e4rgrinden f\u00f6lj skyltning till VETERIN\u00c4R.<\/h5>\n<h6>VETERIN\u00c4RGRIND<\/h6>\n<h5>Endast 1 person ut\u00f6ver ryttaren f\u00e5r f\u00f6lja med h\u00e4sten in till veterin\u00e4rgrinden, den som f\u00f6ljer med h\u00e4sten ska b\u00e4ra hj\u00e4lm. Efter godk\u00e4nd veterin\u00e4rgrind, f\u00f6lj skyltning till VILOOMR\u00c5DE. Vid en ev. ompulsning\/ombesiktning v\u00e4nta p\u00e5 l\u00e4mplig plats utanf\u00f6r veterin\u00e4rgrind alt g\u00e5 tillbaka till SNABBGROOM f\u00f6r att sedan \u00e5terigen efter ett tag ta dig till VETERIN\u00c4R. T\u00e4nk p\u00e5 att efter m\u00e5lg\u00e5ng har man endast 1 f\u00f6rs\u00f6k p\u00e5 sig i veterin\u00e4rgrinden.<\/h5>\n<h6>VILOOMR\u00c5DE<\/h6>\n<h5>H\u00e4r finns vatten och l\u00e4ttare tilltugg f\u00f6r b\u00e5de h\u00e4st och ryttare f\u00e4rdigt utplacerat. Sprid ut er p\u00e5 omr\u00e5det. H\u00e4r kan ni redan innan start g\u00f6ra i ordning \u201deran\u201d viloplats. N\u00e4r det b\u00f6rjar bli dags f\u00f6r slinga 2 (LA, LB) ta dig till start\/m\u00e5lomr\u00e5det igen till UT-tiden och inv\u00e4nta att funktion\u00e4rerna sl\u00e4pper iv\u00e4g er p\u00e5 slinga 2 (R\u00f6d 52 km, bl\u00e5 42 km). Nytt f\u00f6r i \u00e5r \u00e4r att ingen uppsittning f\u00e5r ske inom viloomr\u00e5det.<\/h5>\n<h6>SERVERING<\/h6>\n<h5>Fika, kaffe\/te, dryck kommer att finnas till f\u00f6rs\u00e4ljning. Sj\u00e4lvservice med swish. LUNCH kan F\u00d6RBEST\u00c4LLAS innan 5\/8. Maila best\u00e4llning till overkalixridklubb (at) outlook.com<br \/>\nLUNCH: Kyckling\/skinka alt vegetarisk pastasallad. G\u00e5r att f\u00e5 glutenfri\/laktosfri. Meddela vid bokning. Pris: 100 kr som swishas till \u00d6RK vid best\u00e4llningen. Swishnr: 123 589 16 92<\/h5>\n<h6>PARKERING<\/h6>\n<h5>Det kommer att vara skyltat till parkering. Parkeringsvakt kommer \u00e4ven att finnas p\u00e5 plats och guida er till r\u00e4tt plats.<\/h5>\n<h6>KARTOR<\/h6>\n<h5>Kartor ligger ute p\u00e5 \u00f6verkalixridklubb.se<\/h5>\n<h6>PRISUTDELNING<\/h6>\n<h5>Priser lottas ut bland alla ritter. H\u00e4mtas i SEKRETARIATET i slutet av dagen.<\/h5>\n<h6>HOVSLAGARE<\/h6>\n<h5>Kommer att finnas p\u00e5 plats under dagen.<\/h5>\n<h6>\u00d6VRIGT<\/h6>\n<h5>T\u00e4nk p\u00e5 att plocka undan allt skr\u00e4p och mocka efter er. Sopp\u00e5sar kommer att finnas uppsatt b\u00e5de vid fik\/sekretariat och i viloomr\u00e5det. Grepar och skottk\u00e4rror kommer att finnas vid viloomr\u00e5det. L\u00e5t skottk\u00e4rrorna st\u00e5 d\u00e4r dom st\u00e5r och l\u00e4mna skiten i skottk\u00e4rrorna. Vatten kommer att finnas att h\u00e4mta vid snabbgroom. Sjukv\u00e5rdsansvarig kommer att ha utm\u00e4rkt funktion\u00e4rsv\u00e4st, liksom \u00f6vriga funktion\u00e4rer. Om ni inte hittar tillt\u00e4nkta personer kontakta sekretariatet.<br \/>\nT\u00e4nk p\u00e5 att ha med din mobiltelefon under ritten. Spara viktiga telefonnummer ifall n\u00e5got h\u00e4nder och du beh\u00f6ver hj\u00e4lp.<\/h5>\n<h6>T\u00c4VLINGSMIDDAG<\/h6>\n<h5>Efter t\u00e4vlingsdagen (ca 18.30-19.00) samlas vi p\u00e5 t\u00e4vlingsplatsen f\u00f6r att avnjuta en god tacobuff\u00e9 tillsammans. Anm\u00e4lan mailas till: overkalixridklubb (at) outlook.com. Ange ev allergier.<br \/>\nKostnad: 50 kr\/person. Swishas till \u00d6RK i samband med anm\u00e4lan. Sista anm\u00e4lningsdag 6\/8. Swish: 123 589 16 92<\/h5>\n<h6>VIKTIGA TELEFONNUMMER:<\/h6>\n<h5>T\u00e4vlingsledare: Sari Ylitapio: 072-227 93 24<br \/>\nSjukv\u00e5rdsansvarig: Monica Ahlb\u00e4ck: 073-062 22 64<br \/>\nHovslagare: Lars Lindvall: 070-227 12 43<br \/>\nBanansvarig: David Forsman, 070-289 33 35<br \/>\n\u00d6verdomare: Marianne Eriksson 0706 916 416<\/h5>\n<h6>BRA SAKER ATT TA MED (f\u00f6rutom utrustning till dig &amp; din h\u00e4st):<\/h6>\n<h5>-Campingstol eller liknande f\u00f6r dig\/dina groomar att kunna sitta och vila p\u00e5.<br \/>\n-Pass<br \/>\n-Hinkar\/svamp\/svettskrapa<br \/>\n-H\u00f6 ev foder.<br \/>\n-Kl\u00e4der efter v\u00e4der, ev regnt\u00e4cke. Vi h\u00e5ller till 100% utomhus.<br \/>\n-Myggmedel till dig och din h\u00e4st.<\/h5>\n<h6>Vill avsluta med att \u00f6nska er VARMT V\u00c4LKOMNA! Kom ih\u00e5g att de flesta \u00e4r nyb\u00f6rjare inom distansritt. V\u00e5ga fr\u00e5ga ifall det \u00e4r n\u00e5got du inte f\u00f6rst\u00e5r eller ifall det \u00e4r n\u00e5got du undrar \u00f6ver. Tillsammans g\u00f6r vi dagen till en finfin t\u00e4vlingsdag! <3\n\u00c4n en g\u00e5ng VARMT V\u00c4LKOMNA till K\u00e4lvudden och Polcirkelritten!\n<b>\/\u00d6verkalix Ridklubb<\/b><\/h6>\n<hr>\n<h6>Klicka p\u00e5 bilderna f\u00f6r respektive slinga f\u00f6r att ladda ner kartan som pdf<\/h6>\n<div class=\"boxContent\">\n<div class=\"row\">\n<div class=\"col-md-6\">\n\t\t<img decoding=\"async\" src=\"https:\/\/xn--verkalixridklubb-lwb.se\/wp\/wp-content\/uploads\/2024\/07\/anlaggninsskiss.png\" class=\"img-responsive\"><\/div>\n<div class=\"col-md-6\">\n\t\t<a href=\"https:\/\/xn--verkalixridklubb-lwb.se\/wp\/wp-content\/uploads\/2025\/08\/26-och-16.pdf\" target=\"_new\" rel=\"noopener\"><br \/>\n<img decoding=\"async\" src=\"https:\/\/xn--verkalixridklubb-lwb.se\/wp\/wp-content\/uploads\/2025\/08\/16_26.png\" class=\"img-responsive\"><\/a><\/div>\n<\/div>\n<div class=\"col-md-6\">\n\t\t<a href=\"https:\/\/xn--verkalixridklubb-lwb.se\/wp\/wp-content\/uploads\/2025\/08\/16.pdf\" target=\"_new\" rel=\"noopener\"><br \/>\n<img decoding=\"async\" src=\"https:\/\/xn--verkalixridklubb-lwb.se\/wp\/wp-content\/uploads\/2025\/08\/16.png\" class=\"img-responsive\"><\/a><\/div>\n<div class=\"col-md-6\">\n\t\t<a href=\"https:\/\/xn--verkalixridklubb-lwb.se\/wp\/wp-content\/uploads\/2025\/08\/26.pdf\" target=\"_new\" rel=\"noopener\"><br \/>\n<img decoding=\"async\" src=\"https:\/\/xn--verkalixridklubb-lwb.se\/wp\/wp-content\/uploads\/2025\/08\/26.png\" class=\"img-responsive\"><\/a><\/div>\n<\/div>\n<div class=\"row\">\n<div class=\"col-md-12\">\n<hr>\n<h6>SPONSORER<\/h6>\n<\/div>\n<\/div>\n<div class=\"row\">\n<div class=\"col-md-3\">\n\t\t<img decoding=\"async\" src=\"https:\/\/xn--verkalixridklubb-lwb.se\/wp\/wp-content\/uploads\/2024\/07\/sparbanken.png\" class=\"img-responsive\"><\/div>\n<div class=\"col-md-3\">\n\t\t<img decoding=\"async\" src=\"https:\/\/xn--verkalixridklubb-lwb.se\/wp\/wp-content\/uploads\/2024\/07\/hastrehab.png\" class=\"img-responsive\"><\/div>\n<div class=\"col-md-3\">\n\t\t<img decoding=\"async\" src=\"https:\/\/xn--verkalixridklubb-lwb.se\/wp\/wp-content\/uploads\/2024\/07\/vippabacken.png\" class=\"img-responsive\"><\/div>\n<\/div>\n<div class=\"row\">\n<div class=\"col-md-3\">\n\t\t<img decoding=\"async\" src=\"https:\/\/xn--verkalixridklubb-lwb.se\/wp\/wp-content\/uploads\/2024\/07\/lauras.png\" class=\"img-responsive\"><\/div>\n<div class=\"col-md-3\">\n\t\t<img decoding=\"async\" src=\"https:\/\/xn--verkalixridklubb-lwb.se\/wp\/wp-content\/uploads\/2025\/08\/ellens.jpg\" class=\"img-responsive\"><\/div>\n<div class=\"col-md-3\">\n\t\t<img decoding=\"async\" src=\"https:\/\/xn--verkalixridklubb-lwb.se\/wp\/wp-content\/uploads\/2025\/08\/overkalix_kommun.png\" class=\"img-responsive\"><\/div>\n<\/div>\n<p>Equine Essentials Endurance Equifit \u2013 \u201ce4_your_horse\u201d p\u00e5 instagram<\/p>\n<hr>\n<p><b>Och sist men inte minst STORT TACK till alla fina mark\u00e4gare som l\u00e5ter oss rida p\u00e5 deras marker.<\/b><\/p>\n<\/div>\n<\/article>\n","protected":false},"excerpt":{"rendered":"<p>Polcirkelritten 2025 RYTTARMEDDELANDE Varmt V\u00e4lkomna till Polcirkelritten 2025. Vad roligt att du har kommit f\u00f6r att t\u00e4vla hos oss. Vi h\u00e5ller tummar och t\u00e5r f\u00f6r en finfin t\u00e4vlingsdag. Nedan finner du den informationen du beh\u00f6ver under t\u00e4vlingsdagen. F\u00f6r alla klasser h\u00e5lls en bangenomg\u00e5ng p\u00e5 plats innan start. Alla funktion\u00e4rer b\u00e4r v\u00e4l synliga funktion\u00e4rsv\u00e4star. Har du&hellip; <a class=\"more-link\" href=\"https:\/\/xn--verkalixridklubb-lwb.se\/?page_id=286\">Forts\u00e4tt l\u00e4sa <span class=\"screen-reader-text\">Ryttarmeddelande 2025<\/span><\/a><\/p>\n","protected":false},"author":1,"featured_media":0,"parent":0,"menu_order":0,"comment_status":"closed","ping_status":"closed","template":"","meta":{"_seopress_robots_primary_cat":"","footnotes":""},"_links":{"self":[{"href":"https:\/\/xn--verkalixridklubb-lwb.se\/index.php?rest_route=\/wp\/v2\/pages\/286"}],"collection":[{"href":"https:\/\/xn--verkalixridklubb-lwb.se\/index.php?rest_route=\/wp\/v2\/pages"}],"about":[{"href":"https:\/\/xn--verkalixridklubb-lwb.se\/index.php?rest_route=\/wp\/v2\/types\/page"}],"author":[{"embeddable":true,"href":"https:\/\/xn--verkalixridklubb-lwb.se\/index.php?rest_route=\/wp\/v2\/users\/1"}],"replies":[{"embeddable":true,"href":"https:\/\/xn--verkalixridklubb-lwb.se\/index.php?rest_route=%2Fwp%2Fv2%2Fcomments&post=286"}],"version-history":[{"count":7,"href":"https:\/\/xn--verkalixridklubb-lwb.se\/index.php?rest_route=\/wp\/v2\/pages\/286\/revisions"}],"predecessor-version":[{"id":298,"href":"https:\/\/xn--verkalixridklubb-lwb.se\/index.php?rest_route=\/wp\/v2\/pages\/286\/revisions\/298"}],"wp:attachment":[{"href":"https:\/\/xn--verkalixridklubb-lwb.se\/index.php?rest_route=%2Fwp%2Fv2%2Fmedia&parent=286"}],"curies":[{"name":"wp","href":"https:\/\/api.w.org\/{rel}","templated":true}]}}