{"id":7,"date":"2022-11-24T17:50:06","date_gmt":"2022-11-24T17:50:06","guid":{"rendered":"https:\/\/xn--verkalixridklubb-lwb.se\/wp\/?page_id=7"},"modified":"2025-08-03T17:45:58","modified_gmt":"2025-08-03T17:45:58","slug":"start","status":"publish","type":"page","link":"https:\/\/xn--verkalixridklubb-lwb.se\/","title":{"rendered":"Start"},"content":{"rendered":"<div class=\"col-md-8\">\n<article class=\"boxHolder\">\n<div class=\"boxBorder\">\n<h1>Kommande evenemang<\/h1>\n<\/div>\n<div class=\"boxContent\">\n<h6>Polcirkelritten 2025 &#8211; ryttarmeddelande<\/h6>\n<h5>Nu finns ryttarmeddelande samt kartor f\u00f6r t\u00e4vlingen tillg\u00e4ngligt.<br \/>\n<a href=\"https:\/\/xn--verkalixridklubb-lwb.se\/?page_id=286\" rel=\"noopener\">Du hittar allt h\u00e4r<\/a><\/h5>\n<hr>\n<h6>Polcirkelritten 2025<\/h6>\n<h5><img decoding=\"async\" src=\"https:\/\/xn--verkalixridklubb-lwb.se\/wp\/wp-content\/uploads\/2025\/07\/491438298_18347232739158294_884542412413428691_n.jpg\" class=\"img-responsive\"><\/p>\n<hr>\n<h6>ENK\u00c4T<\/h6>\n<h5><img decoding=\"async\" src=\"https:\/\/xn--verkalixridklubb-lwb.se\/wp\/wp-content\/uploads\/2024\/12\/04c321a1-52e6-4832-a71c-96fc48636343.jpg\" class=\"img-responsive\"><br \/>\nInf\u00f6r 2025 \u00f6nskar vi veta vad v\u00e5ra medlemmar och blivande medlemmar \u00f6nskar att f\u00f6reningen ska jobba med fram\u00f6ver, varf\u00f6r man \u00e4r eller vill bli medlem i f\u00f6reningen och hur man idag \u00e4r engagerad i f\u00f6reningen. In och svara p\u00e5 enk\u00e4ten. Tusen tack f\u00f6r DIN hj\u00e4lp \ud83d\ude4f\ud83e\udef6<\/p>\n<p><a href=\"https:\/\/docs.google.com\/forms\/d\/e\/1FAIpQLSfVmcVDWEsr4wpP372ua_9Hf0O3BV1wAJePkEk8RhVbmZC91A\/viewform\" target=\"_blank\" rel=\"noopener\">L\u00e4nk till enk\u00e4ten<\/a><\/h5>\n<hr>\n<h5><img decoding=\"async\" src=\"https:\/\/xn--verkalixridklubb-lwb.se\/wp\/wp-content\/uploads\/2024\/09\/hastensdag.jpg\" class=\"img-responsive\"><\/h5>\n<hr>\n<h6>Polcirkelritten 2024 &#8211; ryttarmeddelande<\/h6>\n<h5>Nu finns ryttarmeddelande samt kartor f\u00f6r t\u00e4vlingen tillg\u00e4ngligt.<br \/>\n<a href=\"https:\/\/xn--verkalixridklubb-lwb.se\/?page_id=231\" rel=\"noopener\">Du hittar allt h\u00e4r<\/a><\/h5>\n<hr>\n<h6>Polcirkelritten 2024<\/h6>\n<h5><img decoding=\"async\" src=\"https:\/\/xn--verkalixridklubb-lwb.se\/wp\/wp-content\/uploads\/2024\/06\/polcirkelritten2024.png\" class=\"img-responsive\"><br \/>\nPolcirkelritten 2024 3\/8. Klasser fr\u00e5n prova p\u00e5 till t\u00e4vlingsklass 50 km.<br \/>\nTack vara projektst\u00f6d fr\u00e5n Leader Polaris kommer anm\u00e4lningsavgiften vara gratis.<br \/>\nSyftet \u00e4r att ridsportgrenen distansritt ska f\u00e5 fotf\u00e4ste i omr\u00e5det och d\u00e4rigenom ge ett bredare utbud av fritidsaktiviteter.<\/p>\n<p><a href=\"https:\/\/tdb.ridsport.se\/meetings\/74759\" target=\"_blank\" rel=\"noopener\">Anm\u00e4lan finner du h\u00e4r<\/a><\/h5>\n<hr>\n<h6>Ponnytimmar 2024<\/h6>\n<h5>Varmt v\u00e4lkomna till sommarens Ponnytimmar!<br \/>\nVi ses p\u00e5 onsdagar kl.18 och pysslar med och kring h\u00e4star, leker, fikar och umg\u00e5s.<br \/>\nDu finner full info under fliken <a href=\"https:\/\/xn--verkalixridklubb-lwb.se\/?page_id=17\" rel=\"noopener\">aktiviteter<\/a><\/h5>\n<hr>\n<h6>Polcirkelritten 2024<\/h6>\n<h5><img decoding=\"async\" src=\"https:\/\/xn--verkalixridklubb-lwb.se\/wp\/wp-content\/uploads\/2024\/06\/polcirkelritten2024.png\" class=\"img-responsive\"><br \/>\nGlada nyheter! \ud83d\ude4c\ud83e\udd73 Tack vare projektst\u00f6d genom Leader Polaris kommer Polcirkelritten 2024 vara gratis att delta i. Projektet &#8221;Distansritt I Norr&#8221; syftar till att ridsportgrenen distansridning ska f\u00e5 fotf\u00e4ste i omr\u00e5det och d\u00e4rigenom skapa bredare utbud av fritidsaktiviteter.<\/p>\n<p>P.s f\u00f6rutom m\u00f6jligheten att gratis delta i distanst\u00e4vlingen Polcirkelritten kommer det \u00e4ven finnas m\u00f6jlighet att delta i en onlinef\u00f6rel\u00e4sning om distansridning. \u00c4ven det utan kostnad. Mer info kommer snart.<\/p>\n<p>Nu startar f\u00f6rberedelserna inf\u00f6r t\u00e4vlingen 3\/8 p\u00e5 riktigt! Klasser fr\u00e5n Prova P\u00e5 till T50. Hoppas vi syns! \ud83e\udd29\ud83e\udef6\ud83d\udc34\ud83d\udc34\ud83d\udc34<\/p>\n<p>Foto: Follow The Sun Photography<\/h5>\n<hr>\n<h6>\u00c5rsm\u00f6te<\/h6>\n<h5><img decoding=\"async\" src=\"https:\/\/xn--verkalixridklubb-lwb.se\/wp\/wp-content\/uploads\/2024\/01\/hands.jpg\" class=\"img-responsive\">Varmt v\u00e4lkomna p\u00e5 \u00e5rsm\u00f6te 18\/2 2024 kl 16.00 i klubbis (f\u00f6reningarnas Hus).<br \/>\nDet bjuds p\u00e5 familjepizza och godsaker!<br \/>\nP.s Anm\u00e4lan beh\u00f6vs f\u00f6r att veta hur mycket pizza som ska best\u00e4llas.<br \/>\nSkicka PM p\u00e5 Facebook eller maila overkalixridklubb (at) outlook.com f\u00f6r anm\u00e4lan.<br \/>\nVill du eller vet du n\u00e5gon som vill sitta med i styrelsen 2024?Skicka in nomineringar till overkalixridklubb (at) outlook.com<br \/>\nVarmt v\u00e4lkomna!<\/h5>\n<hr>\n<h6>Medlemsavgift<\/h6>\n<h5><img decoding=\"async\" src=\"https:\/\/xn--verkalixridklubb-lwb.se\/wp\/wp-content\/uploads\/2024\/01\/horze.jpg\" class=\"img-responsive\"><br \/>\nUTLOTTNING! Passa p\u00e5 och betala in medlemsavgiften f\u00f6r 2024 innan 28\/2 s\u00e5 \u00e4r du med p\u00e5 utlottning av presentkort \u00e1 500 kr p\u00e5 horze.se<br \/>\nMEDLEMSKAP \u00d6RK:<br \/>\nJunior (upp till 18 \u00e5r): 160 kr<br \/>\nSenior: 250 kr<br \/>\nBetalning sker till bg: 138-2092<br \/>\neller Swish 123 589 16 92<br \/>\nM\u00e4rk betalningen med namn o fullst\u00e4ndigt personnr.<\/h5>\n<hr>\n<h6>H\u00e4stens dag<\/h6>\n<h5>Varmt v\u00e4lkomna p\u00e5 H\u00e4stens Dag 24\/9 kl 11.00-13.00.<br \/>\nGratis prova p\u00e5 aktiviteter s\u00e5 som ridning, k\u00f6rning och ponnypyssel. Tipsrunda med priser och k\u00e4pph\u00e4sthoppning<br \/>\nSj\u00e4lvklart bjuds det p\u00e5 fika!<br \/>\nVarmt v\u00e4lkomna! <a href=\"https:\/\/www.facebook.com\/events\/192793626992183\/\" target=\"_blank\" rel=\"noopener\">L\u00e4nk till facebookevenemanget<\/a><\/h5>\n<hr>\n<h6>Polcirkelritten &#8211; Tack<\/h6>\n<h5><img decoding=\"async\" src=\"https:\/\/xn--verkalixridklubb-lwb.se\/wp\/wp-content\/uploads\/2023\/08\/tack.png\" class=\"img-responsive\"><\/h5>\n<hr>\n<h6>Polcirkelritten &#8211; ryttarmeddelande<\/h6>\n<h5>Nu finns ryttarmeddelande samt kartor f\u00f6r t\u00e4vlingen tillg\u00e4ngligt.<br \/>\n<a href=\"https:\/\/xn--verkalixridklubb-lwb.se\/?page_id=164\" rel=\"noopener\">Du hittar allt h\u00e4r<\/a><\/h5>\n<hr>\n<p><!--\n\n\n<h6>Polcirkelritten - t\u00e4vlingsmiddag<\/h6>\n\n\n\n\n<h5>T\u00c4VLINGSMIDDAG: Varmt v\u00e4lkomna att anm\u00e4la Er till en avslutande t\u00e4vlingsmiddag 12\/8 kl 19.00. Vi avnjuter en god buff\u00e9 tillsammans p\u00e5 Grand Arctic Resort by Explore the North. SISTA ANM\u00c4LNINGSDAG: 10\/8. PRIS: 295 kr\/person. Anm\u00e4lan sker via meddelande p\u00e5 v\u00e5r facebooksida. <a href=\"https:\/\/www.facebook.com\/profile.php?id=100091490383383\" target=\"_blank\" rel=\"noopener\">L\u00e4nk till facebooksidan<\/a><\/h5>\n\n\n\n\n\n<hr>\n\n\n\n--><\/p>\n<h6>Polcirkelritten<\/h6>\n<h5>I Augusti 2022 s\u00e5 anordnades Polcirkelritten f\u00f6r f\u00f6rsta g\u00e5ngen i \u00d6verkalix. I \u00e5r \u00e4r det dags igen.<\/h5>\n<p><a><img decoding=\"async\" src=\"https:\/\/xn--verkalixridklubb-lwb.se\/wp\/wp-content\/uploads\/2023\/06\/Polcirkelritten.png\" class=\"img-responsive\"><br \/>\n<\/a><a href=\"?page_id=75\" target=\"_blank\" rel=\"noopener\">L\u00e4s mer h\u00e4r<\/a><\/p>\n<hr>\n<h6>NYHET 2023!<br \/>\nPassa p\u00e5, kort anm\u00e4lningsdatum. Mer info h\u00e4r nedanf\u00f6r<\/h6>\n<h5>Tack vare projektst\u00f6d kan vi nu k\u00f6ra ig\u00e5ng med projektet<\/h5>\n<h5>ICA Supermarket Norrskenet i \u00d6verkalix sponsrar med mellanm\u00e5l i minibussen till och fr\u00e5n Kalix.<\/h5>\n<h6>Varmt v\u00e4lkomna med anm\u00e4lan. Anm\u00e4lan sker genom v\u00e5rat kontaktformul\u00e4r. SISTA ANM\u00c4LNINGSDAG 16\/12.<\/h6>\n<h5>OBS! Begr\u00e4nsat antal platser. F\u00f6rst till kvarn! Urval kan \u00e4ven komma att ske utifr\u00e5n liknande kunskapsniv\u00e5 f\u00f6r j\u00e4mna ridgrupper.<\/h5>\n<h5>VID ANM\u00c4LAN ANGE: namn, \u00e5lder, tidigare rid erfarenheter (nyb\u00f6rjare, rider med ledare och i vilka g\u00e5ngarter eller rider utan ledare och i vilka g\u00e5ngarter)<\/h5>\n<h6>Varmt v\u00e4lkomna till en rolig ridtermin!  \u2014 med Kalix Ryttarf\u00f6rening.<\/h6>\n<hr>\n<div class=\"row\">\n<div class=\"col-md-4\"><img decoding=\"async\" src=\"https:\/\/xn--verkalixridklubb-lwb.se\/wp\/wp-content\/uploads\/2022\/12\/eu-logo.png\" class=\"img-responsive\"><\/div>\n<div class=\"col-md-4\">\n<img decoding=\"async\" src=\"https:\/\/xn--verkalixridklubb-lwb.se\/wp\/wp-content\/uploads\/2022\/12\/sisu.png\" class=\"img-responsive\"><\/div>\n<div class=\"col-md-4\"><img decoding=\"async\" src=\"https:\/\/xn--verkalixridklubb-lwb.se\/wp\/wp-content\/uploads\/2022\/12\/leader.png\" class=\"img-responsive\"><\/div>\n<\/div>\n<\/div>\n<\/article>\n<\/div>\n<div class=\"col-md-4\">\n<article class=\"boxHolder\">\n<div class=\"boxBorder\">\n<h1>Nyheter<\/h1>\n<\/div>\n<div class=\"boxContent\">\n<h6>Lyckad f\u00f6rsta upplaga av Polcirkelritten<\/h6>\n<p><a href=\"\" target=\"_blank\" rel=\"noopener\">L\u00e4s mer h\u00e4r<\/a><\/p>\n<hr>\n<h6>40 \u00e5rs jubileum 2022<\/h6>\n<h5>F\u00f6reningen startades 1982 av n\u00e5gra eldsj\u00e4lar. 1983 s\u00e5 byggdes en gammal ladug\u00e5rd om till stall med hj\u00e4lp av styrelsen, ideellt arbete och engagerade medlemmar och medm\u00e4nniskor.<br \/>\n<a href=\"\">L\u00e4s mer om f\u00f6reningens historia h\u00e4r<\/a><\/h5>\n<\/div>\n<\/article>\n<\/div>\n","protected":false},"excerpt":{"rendered":"<p>Kommande evenemang Polcirkelritten 2025 &#8211; ryttarmeddelande Nu finns ryttarmeddelande samt kartor f\u00f6r t\u00e4vlingen tillg\u00e4ngligt. Du hittar allt h\u00e4r Polcirkelritten 2025 ENK\u00c4T Inf\u00f6r 2025 \u00f6nskar vi veta vad v\u00e5ra medlemmar och blivande medlemmar \u00f6nskar att f\u00f6reningen ska jobba med fram\u00f6ver, varf\u00f6r man \u00e4r eller vill bli medlem i f\u00f6reningen och hur man idag \u00e4r engagerad i&hellip; <a class=\"more-link\" href=\"https:\/\/xn--verkalixridklubb-lwb.se\/\">Forts\u00e4tt l\u00e4sa <span class=\"screen-reader-text\">Start<\/span><\/a><\/p>\n","protected":false},"author":1,"featured_media":0,"parent":0,"menu_order":0,"comment_status":"closed","ping_status":"closed","template":"","meta":{"_seopress_robots_primary_cat":"","footnotes":""},"_links":{"self":[{"href":"https:\/\/xn--verkalixridklubb-lwb.se\/index.php?rest_route=\/wp\/v2\/pages\/7"}],"collection":[{"href":"https:\/\/xn--verkalixridklubb-lwb.se\/index.php?rest_route=\/wp\/v2\/pages"}],"about":[{"href":"https:\/\/xn--verkalixridklubb-lwb.se\/index.php?rest_route=\/wp\/v2\/types\/page"}],"author":[{"embeddable":true,"href":"https:\/\/xn--verkalixridklubb-lwb.se\/index.php?rest_route=\/wp\/v2\/users\/1"}],"replies":[{"embeddable":true,"href":"https:\/\/xn--verkalixridklubb-lwb.se\/index.php?rest_route=%2Fwp%2Fv2%2Fcomments&post=7"}],"version-history":[{"count":88,"href":"https:\/\/xn--verkalixridklubb-lwb.se\/index.php?rest_route=\/wp\/v2\/pages\/7\/revisions"}],"predecessor-version":[{"id":294,"href":"https:\/\/xn--verkalixridklubb-lwb.se\/index.php?rest_route=\/wp\/v2\/pages\/7\/revisions\/294"}],"wp:attachment":[{"href":"https:\/\/xn--verkalixridklubb-lwb.se\/index.php?rest_route=%2Fwp%2Fv2%2Fmedia&parent=7"}],"curies":[{"name":"wp","href":"https:\/\/api.w.org\/{rel}","templated":true}]}}